{"id":9265,"date":"2025-08-20T00:33:26","date_gmt":"2025-08-20T00:33:26","guid":{"rendered":"https:\/\/cadiztaxipremium.com\/?page_id=9265"},"modified":"2025-08-21T16:34:05","modified_gmt":"2025-08-21T16:34:05","slug":"legal-notice","status":"publish","type":"page","link":"https:\/\/cadiztaxipremium.com\/es\/legal-notice\/","title":{"rendered":"Aviso Legal"},"content":{"rendered":"<div class=\"fusion-fullwidth fullwidth-box fusion-builder-row-1 fusion-flex-container has-pattern-background has-mask-background nonhundred-percent-fullwidth non-hundred-percent-height-scrolling\" style=\"--awb-border-radius-top-left:0px;--awb-border-radius-top-right:0px;--awb-border-radius-bottom-right:0px;--awb-border-radius-bottom-left:0px;--awb-flex-wrap:wrap;\" ><div class=\"fusion-builder-row fusion-row fusion-flex-align-items-flex-start fusion-flex-content-wrap\" style=\"max-width:1185.6px;margin-left: calc(-4% \/ 2 );margin-right: calc(-4% \/ 2 );\"><div class=\"fusion-layout-column fusion_builder_column fusion-builder-column-0 fusion_builder_column_1_1 1_1 fusion-flex-column\" style=\"--awb-bg-size:cover;--awb-width-large:100%;--awb-margin-top-large:0px;--awb-spacing-right-large:1.92%;--awb-margin-bottom-large:20px;--awb-spacing-left-large:1.92%;--awb-width-medium:100%;--awb-order-medium:0;--awb-spacing-right-medium:1.92%;--awb-spacing-left-medium:1.92%;--awb-width-small:100%;--awb-order-small:0;--awb-spacing-right-small:1.92%;--awb-spacing-left-small:1.92%;\"><div class=\"fusion-column-wrapper fusion-column-has-shadow fusion-flex-justify-content-flex-start fusion-content-layout-column\"><div class=\"fusion-title title fusion-title-1 fusion-sep-none fusion-title-text fusion-title-size-one\" style=\"--awb-text-color:var(--awb-color7);\"><h1 class=\"fusion-title-heading title-heading-left fusion-responsive-typography-calculated\" style=\"margin:0;--fontSize:72;line-height:1.13;\">\t\t\tAviso Legal<\/h1><\/div><div class=\"fusion-text fusion-text-1\"><h3>1. Datos identificativos<\/h3>\n<ul>\n<li data-start=\"346\" data-end=\"588\">En cumplimiento con el deber de informaci\u00f3n recogido en el art\u00edculo 10 de la Ley 34\/2002, de 11 de julio, de Servicios de la Sociedad de la Informaci\u00f3n y de Comercio Electr\u00f3nico (LSSI-CE), se indican a continuaci\u00f3n los datos identificativos de los responsables de este sitio web: <a class=\"decorated-link\" href=\"https:\/\/cadiztaxipremium.com\/es\/\" target=\"_new\" rel=\"noopener\" data-start=\"513\" data-end=\"573\">www.cadiztaxipremium.com<\/a> propiedad de:<\/li>\n<li data-start=\"590\" data-end=\"631\">\n<p data-start=\"592\" data-end=\"631\">Nombre del negocio: C\u00e1diz Taxi Premium<\/p>\n<\/li>\n<li data-start=\"632\" data-end=\"763\">\n<p data-start=\"634\" data-end=\"672\">Propietarios del negocio (Aut\u00f3nomos):<\/p>\n<ul data-start=\"675\" data-end=\"763\">\n<li data-start=\"675\" data-end=\"712\">\n<p data-start=\"677\" data-end=\"712\">Ignacio Gonz\u00e1lez (NIF: 44319300W)<\/p>\n<\/li>\n<li data-start=\"715\" data-end=\"763\">\n<p data-start=\"717\" data-end=\"763\">Jos\u00e9 Carlos Cort\u00e9s Bernardo (NIF: 49070767Z)<\/p>\n<\/li>\n<\/ul>\n<\/li>\n<li data-start=\"764\" data-end=\"840\">\n<p data-start=\"766\" data-end=\"840\">Email: info@cadiztaxipremium.com<\/p>\n<\/li>\n<li data-start=\"841\" data-end=\"901\">\n<p data-start=\"843\" data-end=\"901\">N\u00fameros de tel\u00e9fono: +34 633 225 228 \/ +34 633 847 637<\/p>\n<\/li>\n<\/ul>\n<h3>2. Objeto del sitio web<\/h3>\n<ul>\n<li data-start=\"939\" data-end=\"1176\">El presente sitio web tiene como finalidad ofrecer informaci\u00f3n sobre los servicios de transporte privado, traslados y rutas tur\u00edsticas de C\u00e1diz Taxi Premium, as\u00ed como facilitar la solicitud y reserva online de dichos servicios.<\/li>\n<\/ul>\n<h3>3. Condiciones de uso<\/h3>\n<ul>\n<li data-start=\"1204\" data-end=\"1327\">Accessing and browsing this website confers the status of user, which implies acceptance of the present Legal Notice.<\/li>\n<li data-start=\"1329\" data-end=\"1454\">El usuario se compromete a utilizar el sitio web de conformidad con la legislaci\u00f3n vigente, la buena fe, el orden p\u00fablico y el presente Aviso Legal.<\/li>\n<\/ul>\n<h3>4. Propiedad Intelectual e Industrial<\/h3>\n<ul data-start=\"1506\" data-end=\"1843\">\n<li data-start=\"1506\" data-end=\"1723\">\n<p data-start=\"1508\" data-end=\"1723\">Todos los contenidos de este sitio web (textos, im\u00e1genes, logotipos, dise\u00f1o, estructura, etc.) est\u00e1n protegidos por derechos de propiedad intelectual e industrial, siendo titularidad de C\u00e1diz Taxi Premium o de terceros que han autorizado su uso.<\/p>\n<\/li>\n<li data-start=\"1724\" data-end=\"1843\">\n<p data-start=\"1726\" data-end=\"1843\">Queda expresamente prohibida cualquier reproducci\u00f3n, distribuci\u00f3n o modificaci\u00f3n de los contenidos sin la previa autorizaci\u00f3n.<\/p>\n<\/li>\n<\/ul>\n<h3>5. Exclusi\u00f3n de Responsabilidad<\/h3>\n<ul data-start=\"1879\" data-end=\"2303\">\n<li data-start=\"1879\" data-end=\"1996\">\n<p data-start=\"1881\" data-end=\"1996\">C\u00e1diz Taxi Premium no se hace responsable de los da\u00f1os derivados del mal uso de los contenidos de este sitio web.<\/p>\n<\/li>\n<li data-start=\"1879\" data-end=\"1996\">\n<p data-start=\"1881\" data-end=\"1996\">La empresa no se responsabiliza de posibles problemas t\u00e9cnicos (como interrupciones del servicio, virus o fallos en la conexi\u00f3n) ocasionados por terceros.<\/p>\n<\/li>\n<li data-start=\"1879\" data-end=\"1996\">\n<p data-start=\"1881\" data-end=\"1996\">Los enlaces a sitios web externos se ofrecen \u00fanicamente a t\u00edtulo informativo, sin que C\u00e1diz Taxi Premium asuma responsabilidad sobre su contenido.<\/p>\n<\/li>\n<\/ul>\n<h3>6. Protecci\u00f3n de Datos<\/h3>\n<ul>\n<li data-start=\"2334\" data-end=\"2603\" class=\"translation-block\">Los datos personales recabados a trav\u00e9s de este sitio web est\u00e1n sujetos a nuestra <a class=\"decorated-link cursor-pointer\" rel=\"noopener\" data-start=\"2402\" data-end=\"2435\" target=\"_self\">Pol\u00edtica de Privacidad<\/a> \n y ser\u00e1n tratados en cumplimiento del Reglamento (UE) 2016\/679 (RGPD) y de la Ley Org\u00e1nica 3\/2018, de Protecci\u00f3n de Datos Personales y garant\u00eda de los derechos digitales (LOPDGDD).<\/li>\n<\/ul>\n<h3>7. Legislaci\u00f3n Aplicable y Jurisdicci\u00f3n<\/h3>\n<ul>\n<li data-start=\"2650\" data-end=\"2697\">El presente Aviso Legal se rige por la legislaci\u00f3n espa\u00f1ola.<\/li>\n<li data-start=\"2650\" data-end=\"2697\" class=\"translation-block\">Para la resoluci\u00f3n de conflictos derivados de la interpretaci\u00f3n o aplicaci\u00f3n de este Aviso Legal, las partes se someten a los  <strong data-start=\"2825\" data-end=\"2858\">Juzgados y Tribunales de C\u00e1diz<\/strong>, salvo disposici\u00f3n legal imperativa en contrario.<\/li>\n<\/ul>\n<\/div><\/div><\/div><\/div><\/div>","protected":false},"excerpt":{"rendered":"","protected":false},"author":1,"featured_media":0,"parent":0,"menu_order":0,"comment_status":"closed","ping_status":"closed","template":"","meta":{"footnotes":""},"class_list":["post-9265","page","type-page","status-publish","hentry"],"aioseo_notices":[],"_links":{"self":[{"href":"https:\/\/cadiztaxipremium.com\/es\/wp-json\/wp\/v2\/pages\/9265","targetHints":{"allow":["GET"]}}],"collection":[{"href":"https:\/\/cadiztaxipremium.com\/es\/wp-json\/wp\/v2\/pages"}],"about":[{"href":"https:\/\/cadiztaxipremium.com\/es\/wp-json\/wp\/v2\/types\/page"}],"author":[{"embeddable":true,"href":"https:\/\/cadiztaxipremium.com\/es\/wp-json\/wp\/v2\/users\/1"}],"replies":[{"embeddable":true,"href":"https:\/\/cadiztaxipremium.com\/es\/wp-json\/wp\/v2\/comments?post=9265"}],"version-history":[{"count":8,"href":"https:\/\/cadiztaxipremium.com\/es\/wp-json\/wp\/v2\/pages\/9265\/revisions"}],"predecessor-version":[{"id":9319,"href":"https:\/\/cadiztaxipremium.com\/es\/wp-json\/wp\/v2\/pages\/9265\/revisions\/9319"}],"wp:attachment":[{"href":"https:\/\/cadiztaxipremium.com\/es\/wp-json\/wp\/v2\/media?parent=9265"}],"curies":[{"name":"wp","href":"https:\/\/api.w.org\/{rel}","templated":true}]}}