{"id":9272,"date":"2025-08-20T01:05:31","date_gmt":"2025-08-20T01:05:31","guid":{"rendered":"https:\/\/cadiztaxipremium.com\/?page_id=9272"},"modified":"2025-08-21T16:37:04","modified_gmt":"2025-08-21T16:37:04","slug":"privacy-policy","status":"publish","type":"page","link":"https:\/\/cadiztaxipremium.com\/es\/privacy-policy\/","title":{"rendered":"Pol\u00edtica de Privacidad"},"content":{"rendered":"<div class=\"fusion-fullwidth fullwidth-box fusion-builder-row-1 fusion-flex-container has-pattern-background has-mask-background nonhundred-percent-fullwidth non-hundred-percent-height-scrolling\" style=\"--awb-border-radius-top-left:0px;--awb-border-radius-top-right:0px;--awb-border-radius-bottom-right:0px;--awb-border-radius-bottom-left:0px;--awb-flex-wrap:wrap;\" ><div class=\"fusion-builder-row fusion-row fusion-flex-align-items-flex-start fusion-flex-content-wrap\" style=\"max-width:1185.6px;margin-left: calc(-4% \/ 2 );margin-right: calc(-4% \/ 2 );\"><div class=\"fusion-layout-column fusion_builder_column fusion-builder-column-0 fusion_builder_column_1_1 1_1 fusion-flex-column\" style=\"--awb-bg-size:cover;--awb-width-large:100%;--awb-margin-top-large:0px;--awb-spacing-right-large:1.92%;--awb-margin-bottom-large:20px;--awb-spacing-left-large:1.92%;--awb-width-medium:100%;--awb-order-medium:0;--awb-spacing-right-medium:1.92%;--awb-spacing-left-medium:1.92%;--awb-width-small:100%;--awb-order-small:0;--awb-spacing-right-small:1.92%;--awb-spacing-left-small:1.92%;\"><div class=\"fusion-column-wrapper fusion-column-has-shadow fusion-flex-justify-content-flex-start fusion-content-layout-column\"><div class=\"fusion-title title fusion-title-1 fusion-sep-none fusion-title-text fusion-title-size-one\" style=\"--awb-text-color:var(--awb-color7);\"><h1 class=\"fusion-title-heading title-heading-left fusion-responsive-typography-calculated\" style=\"margin:0;--fontSize:72;line-height:1.13;\"><h1 data-start=\"294\" data-end=\"318\">Pol\u00edtica de Privacidad<\/h1><\/h1><\/div><div class=\"fusion-text fusion-text-1\"><h3 style=\"--fontSize: 48; line-height: 1.2;\">1. Responsable del Tratamiento de Datos<\/h3>\n<p data-start=\"183\" data-end=\"371\">De conformidad con el Reglamento (UE) 2016\/679 y la Ley Org\u00e1nica 3\/2018, se informa a los usuarios de que los datos personales facilitados a trav\u00e9s de este sitio web ser\u00e1n tratados bajo la responsabilidad de:<\/p>\n<p data-start=\"373\" data-end=\"396\"><strong data-start=\"373\" data-end=\"394\">Responsables del tratamiento:<\/strong><\/p>\n<ul data-start=\"397\" data-end=\"483\">\n<li data-start=\"397\" data-end=\"434\">\n<p data-start=\"399\" data-end=\"434\">Ignacio Gonz\u00e1lez (NIF: 44319300W)<\/p>\n<\/li>\n<li data-start=\"435\" data-end=\"483\">\n<p data-start=\"437\" data-end=\"483\">Jos\u00e9 Carlos Cort\u00e9s Bernardo (NIF: 49070767Z)<\/p>\n<\/li>\n<\/ul>\n<p data-start=\"485\" data-end=\"631\"><strong data-start=\"485\" data-end=\"500\">Nombre del negocio: C\u00e1diz Taxi Premium<\/strong> C\u00e1diz Taxi Premium<br data-start=\"519\" data-end=\"522\"><strong data-start=\"522\" data-end=\"540\">Correo electr\u00f3nico de contacto: info@cadiztaxipremium.com<\/strong> <a class=\"decorated-link cursor-pointer\" rel=\"noopener\" data-start=\"541\" data-end=\"566\">info@cadiztaxipremium.com<\/a><br data-start=\"566\" data-end=\"569\"><strong data-start=\"569\" data-end=\"595\">Tel\u00e9fonos de contacto: +34 633 225 228 \/ +34 633 847 637<\/strong> +34 633 225 228 \/ +34 633 847 637<\/p>\n<h3 style=\"--fontSize: 48; line-height: 1.2;\">2. Finalidad del Tratamiento de los Datos<\/h3>\n<p data-start=\"673\" data-end=\"751\">Los datos personales facilitados por los usuarios se utilizar\u00e1n con las siguientes finalidades:<\/p>\n<ul data-start=\"753\" data-end=\"1021\">\n<li data-start=\"753\" data-end=\"798\">\n<p data-start=\"755\" data-end=\"798\">Gesti\u00f3n de reservas y solicitudes de transporte.<\/p>\n<\/li>\n<li data-start=\"799\" data-end=\"878\">\n<p data-start=\"801\" data-end=\"878\">Responder a consultas realizadas a trav\u00e9s del formulario de contacto, correo electr\u00f3nico o tel\u00e9fono.<\/p>\n<\/li>\n<li data-start=\"879\" data-end=\"941\">\n<p data-start=\"881\" data-end=\"941\">Env\u00edo de comunicaciones relacionadas con los servicios contratados.<\/p>\n<\/li>\n<li data-start=\"942\" data-end=\"1021\">\n<p data-start=\"944\" data-end=\"1021\">Cumplimiento de obligaciones legales derivadas de la prestaci\u00f3n del servicio.<\/p>\n<\/li>\n<\/ul>\n<p data-start=\"1023\" data-end=\"1116\">En ning\u00fan caso los datos se utilizar\u00e1n para fines distintos a los mencionados anteriormente.<\/p>\n<h3 style=\"--fontSize: 48; line-height: 1.2;\">3. Base Legal del Tratamiento<\/h3>\n<p data-start=\"1158\" data-end=\"1204\">La base legal para el tratamiento de sus datos es:<\/p>\n<ul data-start=\"1206\" data-end=\"1506\">\n<li data-start=\"1206\" data-end=\"1284\">\n<p data-start=\"1208\" data-end=\"1284\">La ejecuci\u00f3n de un contrato o solicitud de servicio (reserva de taxi o traslado).<\/p>\n<\/li>\n<li data-start=\"1285\" data-end=\"1418\">\n<p data-start=\"1287\" data-end=\"1418\">El consentimiento del usuario, otorgado al aceptar esta Pol\u00edtica de Privacidad o al enviar voluntariamente sus datos a trav\u00e9s de los formularios de reserva o contacto.<\/p>\n<\/li>\n<li data-start=\"1419\" data-end=\"1506\">\n<p data-start=\"1421\" data-end=\"1506\">El cumplimiento de obligaciones legales, como normativa fiscal o de transporte aplicable.<\/p>\n<\/li>\n<\/ul>\n<h3 style=\"--fontSize: 48; line-height: 1.2;\">4. Conservaci\u00f3n de los Datos<\/h3>\n<p data-start=\"1536\" data-end=\"1578\">Los datos personales facilitados se conservar\u00e1n:<\/p>\n<ul data-start=\"1580\" data-end=\"1860\">\n<li data-start=\"1580\" data-end=\"1660\">\n<p data-start=\"1582\" data-end=\"1660\">Durante el tiempo necesario para cumplir la finalidad para la que fueron recogidos.<\/p>\n<\/li>\n<li data-start=\"1661\" data-end=\"1752\">\n<p data-start=\"1663\" data-end=\"1752\">Mientras exista una relaci\u00f3n contractual o hasta que el usuario solicite su supresi\u00f3n.<\/p>\n<\/li>\n<li data-start=\"1753\" data-end=\"1860\">\n<p data-start=\"1755\" data-end=\"1860\">Posteriormente, permanecer\u00e1n bloqueados durante el tiempo exigido para el cumplimiento de obligaciones legales aplicables.<\/p>\n<\/li>\n<\/ul>\n<h3 style=\"--fontSize: 48; line-height: 1.2;\">5. Comunicaci\u00f3n de Datos a Terceros<\/h3>\n<p data-start=\"1911\" data-end=\"1987\">Los datos no ser\u00e1n cedidos a terceros, salvo en los siguientes casos:<\/p>\n<ul data-start=\"1989\" data-end=\"2203\">\n<li data-start=\"1989\" data-end=\"2069\">\n<p data-start=\"1991\" data-end=\"2069\">Obligaci\u00f3n legal (ej. administraciones p\u00fablicas, autoridades fiscales o tribunales).<\/p>\n<\/li>\n<li data-start=\"2070\" data-end=\"2203\">\n<p data-start=\"2072\" data-end=\"2203\">Proveedores de servicios necesarios para la ejecuci\u00f3n del servicio contratado (ej. pasarelas de pago o seguros vinculados al transporte).<\/p>\n<\/li>\n<\/ul>\n<p data-start=\"2205\" data-end=\"2304\">En ning\u00fan caso los datos ser\u00e1n vendidos o transferidos a terceros con fines comerciales.<\/p>\n<h3 style=\"--fontSize: 48; line-height: 1.2;\">6. Derechos de los Usuarios<\/h3>\n<p data-start=\"2331\" data-end=\"2385\">Los usuarios podr\u00e1n ejercer en cualquier momento los siguientes derechos:<\/p>\n<ul data-start=\"2387\" data-end=\"2724\">\n<li data-start=\"2387\" data-end=\"2425\">\n<p data-start=\"2389\" data-end=\"2425\"><strong data-start=\"2389\" data-end=\"2399\">Acceso a sus datos personales.<\/strong> Rectificaci\u00f3n de datos inexactos o incompletos.<\/p>\n<\/li>\n<li data-start=\"2426\" data-end=\"2481\">\n<p data-start=\"2428\" data-end=\"2481\" class=\"translation-block\">Rectificaci\u00f3n de datos inexactos o incompletos.<\/p>\n<\/li>\n<li data-start=\"2482\" data-end=\"2557\">\n<p data-start=\"2484\" data-end=\"2557\" class=\"translation-block\">Supresi\u00f3n (derecho al olvido) cuando los datos ya no sean necesarios.<\/p>\n<\/li>\n<li data-start=\"2558\" data-end=\"2608\">\n<p data-start=\"2560\" data-end=\"2608\" class=\"translation-block\">Oposici\u00f3n al tratamiento de sus datos.<\/p>\n<\/li>\n<li data-start=\"2609\" data-end=\"2671\">\n<p data-start=\"2611\" data-end=\"2671\" class=\"translation-block\">Limitaci\u00f3n del tratamiento en determinadas circunstancias.<\/p>\n<\/li>\n<li data-start=\"2672\" data-end=\"2724\">\n<p data-start=\"2674\" data-end=\"2724\" class=\"translation-block\">Portabilidad de los datos a otro responsable.<\/p>\n<\/li>\n<\/ul>\n<p data-start=\"2726\" data-end=\"2812\">Para ejercer estos derechos, los usuarios podr\u00e1n enviar una solicitud junto con copia de su DNI a:<\/p>\n<p data-start=\"2814\" data-end=\"2855\" class=\"translation-block\">\ud83d\udce7 Correo electr\u00f3nico: info@cadiztaxipremium.com<\/p>\n<p data-start=\"2857\" data-end=\"3055\" class=\"translation-block\">Asimismo, los usuarios tienen derecho a presentar una reclamaci\u00f3n ante la Agencia Espa\u00f1ola de Protecci\u00f3n de Datos (AEPD) si consideran que sus datos no est\u00e1n siendo tratados conforme a la normativa vigente.<\/p>\n<h3 style=\"--fontSize: 48; line-height: 1.2;\">7. Seguridad de los Datos<\/h3>\n<p data-start=\"3084\" data-end=\"3306\">C\u00e1diz Taxi Premium aplica las medidas t\u00e9cnicas y organizativas necesarias para garantizar la seguridad, integridad y confidencialidad de los datos personales, evitando su alteraci\u00f3n, p\u00e9rdida, tratamiento o acceso no autorizado.<\/p>\n<h3 style=\"--fontSize: 48; line-height: 1.2;\">8. Menores de Edad<\/h3>\n<p data-start=\"3328\" data-end=\"3481\">Los menores de 14 a\u00f1os no podr\u00e1n facilitar datos personales a trav\u00e9s de este sitio web sin el previo consentimiento de sus padres o tutores.<\/p>\n<h3 style=\"--fontSize: 48; line-height: 1.2;\">9. Modificaciones de la Pol\u00edtica de Privacidad<\/h3>\n<p data-start=\"3526\" data-end=\"3658\">C\u00e1diz Taxi Premium se reserva el derecho a modificar la presente Pol\u00edtica de Privacidad para adaptarla a cambios legislativos o a actualizaciones en sus servicios.<\/p>\n<p data-start=\"3660\" data-end=\"3743\">En caso de cambios sustanciales, se informar\u00e1 a los usuarios a trav\u00e9s de este sitio web.<\/p>\n<\/div><\/div><\/div><\/div><\/div>","protected":false},"excerpt":{"rendered":"","protected":false},"author":1,"featured_media":0,"parent":0,"menu_order":0,"comment_status":"closed","ping_status":"closed","template":"","meta":{"footnotes":""},"class_list":["post-9272","page","type-page","status-publish","hentry"],"aioseo_notices":[],"_links":{"self":[{"href":"https:\/\/cadiztaxipremium.com\/es\/wp-json\/wp\/v2\/pages\/9272","targetHints":{"allow":["GET"]}}],"collection":[{"href":"https:\/\/cadiztaxipremium.com\/es\/wp-json\/wp\/v2\/pages"}],"about":[{"href":"https:\/\/cadiztaxipremium.com\/es\/wp-json\/wp\/v2\/types\/page"}],"author":[{"embeddable":true,"href":"https:\/\/cadiztaxipremium.com\/es\/wp-json\/wp\/v2\/users\/1"}],"replies":[{"embeddable":true,"href":"https:\/\/cadiztaxipremium.com\/es\/wp-json\/wp\/v2\/comments?post=9272"}],"version-history":[{"count":5,"href":"https:\/\/cadiztaxipremium.com\/es\/wp-json\/wp\/v2\/pages\/9272\/revisions"}],"predecessor-version":[{"id":9321,"href":"https:\/\/cadiztaxipremium.com\/es\/wp-json\/wp\/v2\/pages\/9272\/revisions\/9321"}],"wp:attachment":[{"href":"https:\/\/cadiztaxipremium.com\/es\/wp-json\/wp\/v2\/media?parent=9272"}],"curies":[{"name":"wp","href":"https:\/\/api.w.org\/{rel}","templated":true}]}}