{"id":9313,"date":"2025-08-21T15:53:09","date_gmt":"2025-08-21T15:53:09","guid":{"rendered":"https:\/\/cadiztaxipremium.com\/?page_id=9313"},"modified":"2025-08-21T16:44:46","modified_gmt":"2025-08-21T16:44:46","slug":"condiciones-de-contrato","status":"publish","type":"page","link":"https:\/\/cadiztaxipremium.com\/es\/condiciones-de-contrato\/","title":{"rendered":"Condiciones de Contrataci\u00f3n"},"content":{"rendered":"<div class=\"fusion-fullwidth fullwidth-box fusion-builder-row-1 fusion-flex-container has-pattern-background has-mask-background nonhundred-percent-fullwidth non-hundred-percent-height-scrolling\" style=\"--awb-border-radius-top-left:0px;--awb-border-radius-top-right:0px;--awb-border-radius-bottom-right:0px;--awb-border-radius-bottom-left:0px;--awb-flex-wrap:wrap;\" ><div class=\"fusion-builder-row fusion-row fusion-flex-align-items-flex-start fusion-flex-content-wrap\" style=\"max-width:1185.6px;margin-left: calc(-4% \/ 2 );margin-right: calc(-4% \/ 2 );\"><div class=\"fusion-layout-column fusion_builder_column fusion-builder-column-0 fusion_builder_column_1_1 1_1 fusion-flex-column\" style=\"--awb-bg-size:cover;--awb-width-large:100%;--awb-margin-top-large:0px;--awb-spacing-right-large:1.92%;--awb-margin-bottom-large:20px;--awb-spacing-left-large:1.92%;--awb-width-medium:100%;--awb-order-medium:0;--awb-spacing-right-medium:1.92%;--awb-spacing-left-medium:1.92%;--awb-width-small:100%;--awb-order-small:0;--awb-spacing-right-small:1.92%;--awb-spacing-left-small:1.92%;\"><div class=\"fusion-column-wrapper fusion-column-has-shadow fusion-flex-justify-content-flex-start fusion-content-layout-column\"><div class=\"fusion-title title fusion-title-1 fusion-sep-none fusion-title-text fusion-title-size-one\" style=\"--awb-text-color:var(--awb-color7);\"><h1 class=\"fusion-title-heading title-heading-left fusion-responsive-typography-calculated\" style=\"margin:0;--fontSize:72;line-height:1.13;\">Condiciones de Contrataci\u00f3n<\/h1><\/div><div class=\"fusion-text fusion-text-1\"><h3 style=\"--fontSize: 48; line-height: 1.2;\">1. Objeto<\/h3>\n<p data-start=\"279\" data-end=\"508\" class=\"translation-block\">Las presentes Condiciones de Contrataci\u00f3n regulan la prestaci\u00f3n de los servicios de transporte privado ofrecidos por C\u00e1diz Taxi Premium a trav\u00e9s de su sitio web, tel\u00e9fono o correo electr\u00f3nico. Al reservar un servicio, el cliente acepta quedar vinculado por estos t\u00e9rminos.<\/p>\n<h3 style=\"--fontSize: 48; line-height: 1.2;\">2. Prestadores del servicio<\/h3>\n<p data-start=\"541\" data-end=\"603\">Los servicios son prestados por conductores aut\u00f3nomos con licencia:<\/p>\n<ul data-start=\"605\" data-end=\"699\">\n<li data-start=\"605\" data-end=\"646\">\n<p data-start=\"607\" data-end=\"646\"><strong data-start=\"607\" data-end=\"644\">Ignacio Gonz\u00e1lez (NIF: 44319300W)<\/strong><\/p>\n<\/li>\n<li data-start=\"647\" data-end=\"699\">\n<p data-start=\"649\" data-end=\"699\"><strong data-start=\"649\" data-end=\"697\">Jos\u00e9 Carlos Cort\u00e9s Bernardo (NIF: 49070767Z)<\/strong><\/p>\n<\/li>\n<\/ul>\n<p data-start=\"701\" data-end=\"827\" class=\"translation-block\">Nombre comercial: <strong data-start=\"715\" data-end=\"737\">C\u00e1diz Taxi Premium<\/strong><br data-start=\"737\" data-end=\"740\">\ud83d\udce7 Email: <a class=\"decorated-link cursor-pointer\" rel=\"noopener\" data-start=\"750\" data-end=\"775\" target=\"_self\">info@cadiztaxipremium.com<\/a><br data-start=\"775\" data-end=\"778\">\ud83d\udcde Tel\u00e9fono: +34 633 225 228 \/ +34 633 847 637<\/p>\n<h3 style=\"--fontSize: 48; line-height: 1.2;\">3. Servicios Ofrecidos<\/h3>\n<p data-start=\"859\" data-end=\"912\">C\u00e1diz Taxi Premium ofrece los siguientes servicios de transporte privado:<\/p>\n<ul data-start=\"913\" data-end=\"1167\">\n<li data-start=\"913\" data-end=\"970\">\n<p data-start=\"915\" data-end=\"970\">Traslados urbanos e interurbanos dentro de C\u00e1diz y Andaluc\u00eda.<\/p>\n<\/li>\n<li data-start=\"971\" data-end=\"1033\">\n<p data-start=\"973\" data-end=\"1033\">Traslados a aeropuertos, estaciones de tren y puertos<\/p>\n<\/li>\n<li data-start=\"1034\" data-end=\"1097\">\n<p data-start=\"1036\" data-end=\"1097\">Rutas tur\u00edsticas a medida por C\u00e1diz y alrededores.<\/p>\n<\/li>\n<li data-start=\"1098\" data-end=\"1167\">\n<p data-start=\"1100\" data-end=\"1167\">Servicios especiales bajo solicitud (ej.: eventos, bodas, congresos).<\/p>\n<\/li>\n<\/ul>\n<p data-start=\"1169\" data-end=\"1236\">Todos los servicios est\u00e1n sujetos a disponibilidad y confirmaci\u00f3n por parte de los conductores.<\/p>\n<h3 style=\"--fontSize: 48; line-height: 1.2;\">4. Condiciones de Reserva<\/h3>\n<ul data-start=\"1270\" data-end=\"1645\">\n<li data-start=\"1270\" data-end=\"1332\">\n<p data-start=\"1272\" data-end=\"1332\">Las reservas podr\u00e1n realizarse a trav\u00e9s del sitio web, por tel\u00e9fono o por correo electr\u00f3nico.<\/p>\n<\/li>\n<li data-start=\"1333\" data-end=\"1462\">\n<p data-start=\"1335\" data-end=\"1462\">El cliente deber\u00e1 proporcionar informaci\u00f3n veraz y completa: lugar de recogida, destino, fecha, hora, n\u00famero de pasajeros y equipaje.<\/p>\n<\/li>\n<li data-start=\"1463\" data-end=\"1520\">\n<p data-start=\"1465\" data-end=\"1520\">La reserva ser\u00e1 confirmada por correo electr\u00f3nico o tel\u00e9fono.<\/p>\n<\/li>\n<li data-start=\"1521\" data-end=\"1645\">\n<p data-start=\"1523\" data-end=\"1645\">C\u00e1diz Taxi Premium se reserva el derecho de solicitar pago por adelantado o dep\u00f3sito a trav\u00e9s del sistema de pago en l\u00ednea habilitado.<\/p>\n<\/li>\n<\/ul>\n<h3 style=\"--fontSize: 48; line-height: 1.2;\">5. Tarifas y m\u00e9todos de pago<\/h3>\n<ul data-start=\"1680\" data-end=\"2118\">\n<li data-start=\"1680\" data-end=\"1747\">\n<p data-start=\"1682\" data-end=\"1747\">Los precios se expresan en euros (\u20ac) e incluyen los impuestos aplicables.<\/p>\n<\/li>\n<li data-start=\"1748\" data-end=\"1853\">\n<p data-start=\"1750\" data-end=\"1853\">La tarifa podr\u00e1 variar en funci\u00f3n de la fecha, hora, recorrido, n\u00famero de pasajeros y servicios adicionales solicitados.<\/p>\n<\/li>\n<li data-start=\"1854\" data-end=\"2006\">\n<p data-start=\"1856\" data-end=\"1883\">M\u00e9todos de pago aceptados:<\/p>\n<ul data-start=\"1886\" data-end=\"2006\">\n<li data-start=\"1886\" data-end=\"1921\">\n<p data-start=\"1888\" data-end=\"1921\"><strong data-start=\"1888\" data-end=\"1904\">Pago en efectivo al conductor.<\/strong> to the driver.<\/p>\n<\/li>\n<li data-start=\"1924\" data-end=\"2006\">\n<p data-start=\"1926\" data-end=\"2006\" class=\"translation-block\">Pago en l\u00ednea mediante WooCommerce (tarjeta de cr\u00e9dito u otros m\u00e9todos habilitados).<\/p>\n<\/li>\n<\/ul>\n<\/li>\n<li data-start=\"2007\" data-end=\"2118\">\n<p data-start=\"2009\" data-end=\"2118\">No se aplicar\u00e1n cargos adicionales por el transporte de mascotas o sillas infantiles, siempre que se soliciten con antelaci\u00f3n.<\/p>\n<\/li>\n<\/ul>\n<h3 style=\"--fontSize: 48; line-height: 1.2;\">6. Cancelaciones y reembolsos<\/h3>\n<p data-start=\"2159\" data-end=\"2276\" class=\"translation-block\">Las cancelaciones y modificaciones se regulan por la Pol\u00edtica de Cancelaci\u00f3n y Reembolsos disponible en este sitio web.<\/p>\n<h3 style=\"--fontSize: 48; line-height: 1.2;\">7. Obligaciones del cliente<\/h3>\n<p data-start=\"2312\" data-end=\"2337\">El cliente se compromete a:<\/p>\n<ul data-start=\"2338\" data-end=\"2569\">\n<li data-start=\"2338\" data-end=\"2392\">\n<p data-start=\"2340\" data-end=\"2392\">Proporcionar informaci\u00f3n veraz y precisa en la reserva.<\/p>\n<\/li>\n<li data-start=\"2393\" data-end=\"2437\">\n<p data-start=\"2395\" data-end=\"2437\">Presentarse puntualmente en el punto de recogida acordado.<\/p>\n<\/li>\n<li data-start=\"2438\" data-end=\"2498\">\n<p data-start=\"2440\" data-end=\"2498\">Mantener una conducta respetuosa y segura durante el servicio.<\/p>\n<\/li>\n<li data-start=\"2499\" data-end=\"2569\">\n<p data-start=\"2501\" data-end=\"2569\">Cumplir con las normas de seguridad vial y de transporte de pasajeros.<\/p>\n<\/li>\n<\/ul>\n<p data-start=\"2571\" data-end=\"2639\">El incumplimiento podr\u00e1 dar lugar a la negativa de prestaci\u00f3n del servicio sin derecho a reembolso.<\/p>\n<h3 style=\"--fontSize: 48; line-height: 1.2;\">8. Obligaciones de C\u00e1diz Taxi Premium<\/h3>\n<p data-start=\"2685\" data-end=\"2735\">C\u00e1diz Taxi Premium y sus conductores se comprometen a:<\/p>\n<ul data-start=\"2736\" data-end=\"3002\">\n<li data-start=\"2736\" data-end=\"2812\">\n<p data-start=\"2738\" data-end=\"2812\">Prestar el servicio con profesionalidad, puntualidad y seguridad.<\/p>\n<\/li>\n<li data-start=\"2813\" data-end=\"2877\">\n<p data-start=\"2815\" data-end=\"2877\">Mantener los veh\u00edculos en perfecto estado de funcionamiento e higiene.<\/p>\n<\/li>\n<li data-start=\"2878\" data-end=\"2945\">\n<p data-start=\"2880\" data-end=\"2945\">Informar al cliente de manera clara y anticipada sobre las tarifas aplicables.<\/p>\n<\/li>\n<li data-start=\"2946\" data-end=\"3002\">\n<p data-start=\"2948\" data-end=\"3002\">Cumplir con la normativa vigente en materia de transporte de pasajeros.<\/p>\n<\/li>\n<\/ul>\n<h3 style=\"--fontSize: 48; line-height: 1.2;\">9. Responsabilidad<\/h3>\n<ul data-start=\"3027\" data-end=\"3304\">\n<li data-start=\"3027\" data-end=\"3175\">\n<p data-start=\"3029\" data-end=\"3175\">C\u00e1diz Taxi Premium no ser\u00e1 responsable de retrasos causados por factores ajenos a su control (tr\u00e1fico, accidentes, condiciones meteorol\u00f3gicas, huelgas, retrasos de vuelos o trenes).<\/p>\n<\/li>\n<li data-start=\"3176\" data-end=\"3304\">\n<p data-start=\"3178\" data-end=\"3304\">La empresa no se responsabiliza de objetos perdidos en los veh\u00edculos. En caso de ser encontrados, ser\u00e1n devueltos bajo condiciones previamente acordadas.<\/p>\n<\/li>\n<\/ul>\n<h3 style=\"--fontSize: 48; line-height: 1.2;\">10. Protecci\u00f3n de Datos<\/h3>\n<p data-start=\"3336\" data-end=\"3506\" class=\"translation-block\">Los datos personales facilitados durante el proceso de reserva ser\u00e1n tratados conforme a nuestra Pol\u00edtica de Privacidad, en cumplimiento del RGPD y la normativa espa\u00f1ola de protecci\u00f3n de datos.<\/p>\n<h3 style=\"--fontSize: 48; line-height: 1.2;\">11. Ley aplicable y jurisdicci\u00f3n<\/h3>\n<p data-start=\"3554\" data-end=\"3617\" class=\"translation-block\">Las presentes Condiciones de Contrataci\u00f3n se rigen por la legislaci\u00f3n espa\u00f1ola.<\/p>\n<p data-start=\"3619\" data-end=\"3807\" class=\"translation-block\">Para cualquier controversia relativa a su interpretaci\u00f3n o ejecuci\u00f3n, las partes se someten expresamente a los Juzgados y Tribunales de C\u00e1diz, salvo disposici\u00f3n en contrario de la normativa aplicable.<\/p>\n<\/div><\/div><\/div><\/div><\/div>","protected":false},"excerpt":{"rendered":"","protected":false},"author":1,"featured_media":0,"parent":0,"menu_order":0,"comment_status":"closed","ping_status":"closed","template":"","meta":{"footnotes":""},"class_list":["post-9313","page","type-page","status-publish","hentry"],"aioseo_notices":[],"_links":{"self":[{"href":"https:\/\/cadiztaxipremium.com\/es\/wp-json\/wp\/v2\/pages\/9313","targetHints":{"allow":["GET"]}}],"collection":[{"href":"https:\/\/cadiztaxipremium.com\/es\/wp-json\/wp\/v2\/pages"}],"about":[{"href":"https:\/\/cadiztaxipremium.com\/es\/wp-json\/wp\/v2\/types\/page"}],"author":[{"embeddable":true,"href":"https:\/\/cadiztaxipremium.com\/es\/wp-json\/wp\/v2\/users\/1"}],"replies":[{"embeddable":true,"href":"https:\/\/cadiztaxipremium.com\/es\/wp-json\/wp\/v2\/comments?post=9313"}],"version-history":[{"count":2,"href":"https:\/\/cadiztaxipremium.com\/es\/wp-json\/wp\/v2\/pages\/9313\/revisions"}],"predecessor-version":[{"id":9326,"href":"https:\/\/cadiztaxipremium.com\/es\/wp-json\/wp\/v2\/pages\/9313\/revisions\/9326"}],"wp:attachment":[{"href":"https:\/\/cadiztaxipremium.com\/es\/wp-json\/wp\/v2\/media?parent=9313"}],"curies":[{"name":"wp","href":"https:\/\/api.w.org\/{rel}","templated":true}]}}